{"id":6,"date":"2022-09-06T09:37:30","date_gmt":"2022-09-06T09:37:30","guid":{"rendered":"http:\/\/new.ceskabesedasa.ba\/?page_id=6"},"modified":"2022-09-19T08:34:49","modified_gmt":"2022-09-19T08:34:49","slug":"the-new-umoma-opens-its-doors-2","status":"publish","type":"page","link":"https:\/\/ceskabesedasa.ba\/","title":{"rendered":"\u010ce\u0161ka Beseda Sarajevo"},"content":{"rendered":"\n<div class=\"wp-block-group alignwide\"><div class=\"wp-block-group__inner-container is-layout-flow wp-block-group-is-layout-flow\">\n<h2 class=\"alignfull has-text-align-center wp-block-heading\">\u010ce\u0161ka Beseda Sarajevo<\/h2>\n\n\n\n<h4 class=\"alignfull has-text-align-center has-white-color has-text-color has-background wp-block-heading\" style=\"background-color:#4169e0;font-style:normal;font-weight:400\"><strong>Dobrodo\u0161li na novi portal Udru\u017eenja gra\u0111ana \u010de\u0161kog porijekla u Sarajevu!<\/strong><\/h4>\n<\/div><\/div>\n\n\n\n<p class=\"has-text-align-center\"><\/p>\n\n\n\n<p class=\"has-text-align-center\"><strong>Ova stranica je kreirana zbog potrebe da poka\u017eemo i prika\u017eemo \u0161irem krugu ljudi na koji na\u010din na\u0161e udru\u017eenje njeguje tradiciju, kulturno naslje\u0111e, obi\u010daje i jezik na\u0161ih predaka. Tako\u0111er \u017eelimo doprijeti do ljudi koji imaju \u010de\u0161ke korijene, ali su \u0161to zbog asimilacije, \u0161to zbog obiteljskih i \u017eivotnih prilika izgubili nit koja ih je vezivala za njihovo porijeklo.<\/strong><\/p>\n\n\n\n<h4 class=\"alignfull has-text-align-center has-background wp-block-heading\" style=\"background-color:#fcb90000;font-size:30px;font-style:normal;font-weight:400\"><strong><em>Dobro ste do\u0161li u \u201e\u010cesku besedu\u201c-<\/em><\/strong><em> <strong>V\u00edt\u00e1me v\u00e1s!&nbsp; <\/strong><\/em><strong><\/strong><\/h4>\n\n\n\n<p class=\"has-text-align-center\"><strong>Sada\u0161nji \u010dlanovi udru\u017eenja \u201e\u010ceska beseda\u201c Sarajevo potomci su \u010de\u0161kih doseljenika u Bosnu i Hercegovinu koji su krajem 19.stolje\u0107a kao vrsni stru\u010dnjaci u mnogim oblastima, na\u0161li svoj novi dom u mnogim gradovima \u0161irom BiH, od Banja Luke preko Tuzle do Sarajeva, Mostara&#8230;<\/strong><\/p>\n\n\n\n<p class=\"has-text-align-center\"><strong>Nekoliko na\u0161ih \u010dlanova su ro\u0111eni u Republici \u010ce\u0161koj, te su zbog ljubavi ili posla do\u0161li u Sarajevo i tu i ostali.<\/strong><\/p>\n\n\n\n<p class=\"has-text-align-center\"><strong>Dan \u201e\u010ceske besede\u201c je 28.09., spomendan svetog Vaclava za\u0161titnika \u010ce\u0161ke dr\u017eave i svih \u010ceha.<\/strong><\/p>\n\n\n\n<div class=\"wp-block-columns alignwide is-layout-flex wp-container-core-columns-is-layout-9d6595d7 wp-block-columns-is-layout-flex\">\n<div class=\"wp-block-column is-layout-flow wp-block-column-is-layout-flow\"><\/div>\n<\/div>\n\n\n<div class=\"wp-block-image\">\n<figure class=\"aligncenter size-full\"><img loading=\"lazy\" decoding=\"async\" width=\"2500\" height=\"1875\" src=\"https:\/\/new.ceskabesedasa.ba\/wp-content\/uploads\/2022\/09\/sv-vaclav.jpg\" alt=\"Sveti Vaclav\" class=\"wp-image-45\" srcset=\"https:\/\/new.ceskabesedasa.ba\/wp-content\/uploads\/2022\/09\/sv-vaclav.jpg 2500w, https:\/\/new.ceskabesedasa.ba\/wp-content\/uploads\/2022\/09\/sv-vaclav-300x225.jpg 300w, https:\/\/new.ceskabesedasa.ba\/wp-content\/uploads\/2022\/09\/sv-vaclav-1024x768.jpg 1024w, https:\/\/new.ceskabesedasa.ba\/wp-content\/uploads\/2022\/09\/sv-vaclav-768x576.jpg 768w, https:\/\/new.ceskabesedasa.ba\/wp-content\/uploads\/2022\/09\/sv-vaclav-1536x1152.jpg 1536w, https:\/\/new.ceskabesedasa.ba\/wp-content\/uploads\/2022\/09\/sv-vaclav-2048x1536.jpg 2048w, https:\/\/new.ceskabesedasa.ba\/wp-content\/uploads\/2022\/09\/sv-vaclav-1568x1176.jpg 1568w\" sizes=\"auto, (max-width: 2500px) 100vw, 2500px\" \/><figcaption>Sveti Vaclav<\/figcaption><\/figure>\n<\/div>\n\n\n<div class=\"wp-block-group alignfull has-white-color has-text-color has-background\" style=\"background-color:#4169e1\"><div class=\"wp-block-group__inner-container is-layout-flow wp-block-group-is-layout-flow\">\n<p class=\"has-text-align-center has-15-font-size\"><em><strong>Ovom prilikom posebno zahvaljujemo Ambasadi \u010cR u Sarajevu na podr\u0161ci i izvanrednoj suradnji i susretljivosti, kao i Ministarstvu inostranih poslova \u010cR \u2013 Odjel za kulturu i odnose sa sunarodnjacima, bez \u010dije pomo\u0107i i razumijevanja \u010ceska beseda Sarajevo, u dana\u0161njim uvjetima, ne bi mogla opstati.<\/strong><\/em><\/p>\n<\/div><\/div>\n\n\n\n<div class=\"wp-block-group\"><div class=\"wp-block-group__inner-container is-layout-flow wp-block-group-is-layout-flow\"><\/div><\/div>\n\n\n\n<p><\/p>\n\n\n\n<div class=\"wp-block-group alignwide has-background\" style=\"background-color:#ffffff\"><div class=\"wp-block-group__inner-container is-layout-flow wp-block-group-is-layout-flow\">\n<div class=\"wp-block-group has-background\" style=\"background-color:#4169e1\"><div class=\"wp-block-group__inner-container is-layout-flow wp-block-group-is-layout-flow\">\n<p class=\"has-text-align-center has-text-color has-large-font-size\" style=\"color:#ee2c2c\"><strong>Postani \u010dlan besede!<\/strong><\/p>\n\n\n<p class=\"fonts-plugin-block \" style=\"font-size: 20px;line-height: 1.4;text-align: center;color: #ffffff\"><strong>\u010ceska Beseda je udru\u017eenje otvoreno za \u010dlanove, ukoliko imate \u010de\u0161ke korijene, \u017eivjeli ste u \u010ce\u0161koj ili \u017eelite nau\u010diti vi\u0161e o \u010de\u0161koj kulturi i tradiciji, pridru\u017eite nam se<\/strong>!<\/p>\n\n\n<div class=\"wp-block-button aligncenter has-custom-width wp-block-button__width-100 has-custom-font-size\" style=\"font-size:22px\"><a class=\"wp-block-button__link has-white-color has-text-color has-background\" href=\"https:\/\/ceskabesedasa.ba\/index.php\/contact\/\" style=\"border-radius:0px;background-color:#ee2c2c\"><strong>PRIKLJU\u010cI SE!<\/strong><\/a><\/div>\n<\/div><\/div>\n<\/div><\/div>\n\n\n\n<hr class=\"wp-block-separator has-alpha-channel-opacity is-style-dots\"\/>\n\n\n\n<div class=\"wp-block-query is-layout-flow wp-block-query-is-layout-flow\"><ul class=\"is-flex-container columns-2 wp-block-post-template is-layout-flow wp-block-post-template-is-layout-flow\"><li class=\"wp-block-post post-3067 post type-post status-publish format-standard has-post-thumbnail hentry category-dogadjaji category-druzenja category-skupstine category-vijesti tag-druzenja tag-skupstina tag-vijesti\">\n<h2 class=\"has-text-align-center wp-block-post-title\"><a href=\"https:\/\/ceskabesedasa.ba\/index.php\/2022\/10\/07\/izborna-skupstina-ceske-besede-sarajevo\/\" target=\"_self\" >Izborna skup\u0161tina \u010ceske Besede Sarajevo<\/a><\/h2>\n\n<figure class=\"alignwide wp-block-post-featured-image\"><a href=\"https:\/\/ceskabesedasa.ba\/index.php\/2022\/10\/07\/izborna-skupstina-ceske-besede-sarajevo\/\" target=\"_self\"  ><img loading=\"lazy\" decoding=\"async\" width=\"2048\" height=\"1365\" src=\"https:\/\/new.ceskabesedasa.ba\/wp-content\/uploads\/2022\/10\/Skupstina-09.04.-5.jpg\" class=\"attachment-post-thumbnail size-post-thumbnail wp-post-image\" alt=\"Izborna skup\u0161tina \u010ceske Besede Sarajevo\" style=\"object-fit:cover;\" srcset=\"https:\/\/new.ceskabesedasa.ba\/wp-content\/uploads\/2022\/10\/Skupstina-09.04.-5.jpg 2048w, https:\/\/new.ceskabesedasa.ba\/wp-content\/uploads\/2022\/10\/Skupstina-09.04.-5-300x200.jpg 300w, https:\/\/new.ceskabesedasa.ba\/wp-content\/uploads\/2022\/10\/Skupstina-09.04.-5-1024x683.jpg 1024w, https:\/\/new.ceskabesedasa.ba\/wp-content\/uploads\/2022\/10\/Skupstina-09.04.-5-768x512.jpg 768w, https:\/\/new.ceskabesedasa.ba\/wp-content\/uploads\/2022\/10\/Skupstina-09.04.-5-1536x1024.jpg 1536w\" sizes=\"auto, (max-width: 2048px) 100vw, 2048px\" \/><\/a><\/figure>\n\n<div class=\"has-text-align-center wp-block-post-excerpt\"><p class=\"wp-block-post-excerpt__excerpt\">Izborna skup\u0161tina \u010ceske Besede Sarajevo Dana 09.04.2022 godine u galerijskom prostoru franjeva\u010dkog samostana sv.Anto na Bistriku odr\u017eana je Izborna skup\u0161tina udru\u017eenja gra\u0111ana \u010de\u0161kog porijekla\u201c\u010ceska beseda\u201c Sarajevo.Rad Skup\u0161tine je otvorila predsjedavaju\u0107a Branka Dane\u0161 Bartolovi\u0107 u 11 sati i 15 minuta.Predlo\u017eeni Dnevni red je jednoglasno usvojen. U skladu sa Dnevnim redom Skup\u0161tina je usvojila Zapisnik sa pro\u0161le<\/p><p class=\"wp-block-post-excerpt__more-text\"><a class=\"wp-block-post-excerpt__more-link\" href=\"https:\/\/ceskabesedasa.ba\/index.php\/2022\/10\/07\/izborna-skupstina-ceske-besede-sarajevo\/\"><strong>PRO\u010cITAJ VI\u0160E<\/strong><\/a><\/p><\/div>\n\n\n<hr class=\"wp-block-separator has-css-opacity\"\/>\n\n\n<div class=\"has-text-align-center wp-block-post-date\"><time datetime=\"2022-10-07T11:03:44+00:00\">07\/10\/2022<\/time><\/div>\n<\/li><li class=\"wp-block-post post-371 post type-post status-publish format-standard has-post-thumbnail hentry category-dogadjaji category-druzenja category-proslave category-vijesti tag-druzenja tag-proslave tag-vijesti\">\n<h2 class=\"has-text-align-center wp-block-post-title\"><a href=\"https:\/\/ceskabesedasa.ba\/index.php\/2022\/09\/13\/proslava-dana-ceske-besede-sarajevo\/\" target=\"_self\" >Proslava dana \u010ceske Besede Sarajevo<\/a><\/h2>\n\n<figure class=\"alignwide wp-block-post-featured-image\"><a href=\"https:\/\/ceskabesedasa.ba\/index.php\/2022\/09\/13\/proslava-dana-ceske-besede-sarajevo\/\" target=\"_self\"  ><img loading=\"lazy\" decoding=\"async\" width=\"900\" height=\"675\" src=\"https:\/\/new.ceskabesedasa.ba\/wp-content\/uploads\/2022\/09\/Sveti-Vjenceslav.jpg\" class=\"attachment-post-thumbnail size-post-thumbnail wp-post-image\" alt=\"Proslava dana \u010ceske Besede Sarajevo\" style=\"object-fit:cover;\" srcset=\"https:\/\/new.ceskabesedasa.ba\/wp-content\/uploads\/2022\/09\/Sveti-Vjenceslav.jpg 900w, https:\/\/new.ceskabesedasa.ba\/wp-content\/uploads\/2022\/09\/Sveti-Vjenceslav-300x225.jpg 300w, https:\/\/new.ceskabesedasa.ba\/wp-content\/uploads\/2022\/09\/Sveti-Vjenceslav-768x576.jpg 768w\" sizes=\"auto, (max-width: 900px) 100vw, 900px\" \/><\/a><\/figure>\n\n<div class=\"has-text-align-center wp-block-post-excerpt\"><p class=\"wp-block-post-excerpt__excerpt\">Proslava dana \u010ceske Besede Sarajevo U samostanu sv. Ante na Bistriku 27.09. 2022. godine u 19 sati obilje\u017eiti \u0107emo dan sv. Vaclava, za\u0161titnika \u010ce\u0161ke dr\u017eave i dan na\u0161eg udru\u017eenja. U ugodnoj atmosferi uz dru\u017eenje i poneko pivo podijeliti \u0107emo zahvalnice\u00a0 organizacijama i pojedincima koji su godinama pomagali rad \u201e\u010ceske besede\u201c. V\u00edt\u00e1me v\u00e1s!&nbsp;<\/p><p class=\"wp-block-post-excerpt__more-text\"><a class=\"wp-block-post-excerpt__more-link\" href=\"https:\/\/ceskabesedasa.ba\/index.php\/2022\/09\/13\/proslava-dana-ceske-besede-sarajevo\/\"><strong>PRO\u010cITAJ VI\u0160E<\/strong><\/a><\/p><\/div>\n\n\n<hr class=\"wp-block-separator has-css-opacity\"\/>\n\n\n<div class=\"has-text-align-center wp-block-post-date\"><time datetime=\"2022-09-13T15:10:00+00:00\">13\/09\/2022<\/time><\/div>\n<\/li><\/ul><\/div>\n","protected":false},"excerpt":{"rendered":"<p>\u010ce\u0161ka Beseda Sarajevo Dobrodo\u0161li na novi portal Udru\u017eenja gra\u0111ana \u010de\u0161kog porijekla u Sarajevu! Ova stranica je kreirana zbog potrebe da poka\u017eemo i prika\u017eemo \u0161irem krugu ljudi na koji na\u010din na\u0161e udru\u017eenje njeguje tradiciju, kulturno naslje\u0111e, obi\u010daje i jezik na\u0161ih predaka. Tako\u0111er \u017eelimo doprijeti do ljudi koji imaju \u010de\u0161ke korijene, ali su \u0161to zbog asimilacije, \u0161to [&hellip;]<\/p>\n","protected":false},"author":1,"featured_media":0,"parent":0,"menu_order":0,"comment_status":"closed","ping_status":"closed","template":"","meta":{"footnotes":""},"class_list":["post-6","page","type-page","status-publish","hentry"],"_links":{"self":[{"href":"https:\/\/ceskabesedasa.ba\/index.php\/wp-json\/wp\/v2\/pages\/6","targetHints":{"allow":["GET"]}}],"collection":[{"href":"https:\/\/ceskabesedasa.ba\/index.php\/wp-json\/wp\/v2\/pages"}],"about":[{"href":"https:\/\/ceskabesedasa.ba\/index.php\/wp-json\/wp\/v2\/types\/page"}],"author":[{"embeddable":true,"href":"https:\/\/ceskabesedasa.ba\/index.php\/wp-json\/wp\/v2\/users\/1"}],"replies":[{"embeddable":true,"href":"https:\/\/ceskabesedasa.ba\/index.php\/wp-json\/wp\/v2\/comments?post=6"}],"version-history":[{"count":44,"href":"https:\/\/ceskabesedasa.ba\/index.php\/wp-json\/wp\/v2\/pages\/6\/revisions"}],"predecessor-version":[{"id":2978,"href":"https:\/\/ceskabesedasa.ba\/index.php\/wp-json\/wp\/v2\/pages\/6\/revisions\/2978"}],"wp:attachment":[{"href":"https:\/\/ceskabesedasa.ba\/index.php\/wp-json\/wp\/v2\/media?parent=6"}],"curies":[{"name":"wp","href":"https:\/\/api.w.org\/{rel}","templated":true}]}}