{"id":3038,"date":"2022-09-27T18:20:00","date_gmt":"2022-09-27T18:20:00","guid":{"rendered":"https:\/\/new.ceskabesedasa.ba\/?page_id=3038"},"modified":"2022-09-28T11:46:05","modified_gmt":"2022-09-28T11:46:05","slug":"partneri-i-projekti","status":"publish","type":"page","link":"https:\/\/ceskabesedasa.ba\/index.php\/partneri-i-projekti\/","title":{"rendered":"Partneri"},"content":{"rendered":"<div class=\"wp-block-image\">\n<figure class=\"aligncenter size-full is-resized\"><img loading=\"lazy\" decoding=\"async\" src=\"https:\/\/new.ceskabesedasa.ba\/wp-content\/uploads\/2022\/09\/cropped-cropped-100-e1664032642885.png\" alt=\"\" class=\"wp-image-3001\" width=\"326\" height=\"107\"\/><\/figure>\n<\/div>\n\n\n<div class=\"wp-block-columns is-layout-flex wp-container-core-columns-is-layout-9d6595d7 wp-block-columns-is-layout-flex\">\n<div class=\"wp-block-column is-layout-flow wp-block-column-is-layout-flow\" style=\"flex-basis:100%\">\n<p class=\"has-text-align-center\"><strong>Zahvaljujemo se na\u0161im partnerima na podr\u0161ci tijekom svih godina od osnivanja \u010ceske Besede Sarajevo, bez Vas bi na\u0161 opstanak bio upitan.<\/strong><\/p>\n<\/div>\n<\/div>\n\n\n\n<div class=\"wp-block-media-text alignwide is-stacked-on-mobile\" style=\"grid-template-columns:26% auto\"><figure class=\"wp-block-media-text__media\"><img loading=\"lazy\" decoding=\"async\" width=\"425\" height=\"119\" src=\"https:\/\/new.ceskabesedasa.ba\/wp-content\/uploads\/2022\/09\/mini.png\" alt=\"\" class=\"wp-image-3055 size-full\" srcset=\"https:\/\/new.ceskabesedasa.ba\/wp-content\/uploads\/2022\/09\/mini.png 425w, https:\/\/new.ceskabesedasa.ba\/wp-content\/uploads\/2022\/09\/mini-300x84.png 300w\" sizes=\"auto, (max-width: 425px) 100vw, 425px\" \/><\/figure><div class=\"wp-block-media-text__content\">\n<p><a rel=\"noreferrer noopener\" href=\"https:\/\/www.mzv.cz\/jnp\/\" data-type=\"URL\" data-id=\"https:\/\/www.mzv.cz\/jnp\/\" target=\"_blank\"><strong><strong>Ministerstvo zahrani\u010dn\u00edch v\u011bc\u00ed \u010cesk\u00e9 republiky<\/strong><\/strong><\/a><\/p>\n\n\n\n<p style=\"font-size:16px\">Zahvaljujemo za dugogodi\u0161nju podr\u0161ku, saradnju i financiranje na\u0161eg udru\u017eenja!<\/p>\n<\/div><\/div>\n\n\n\n<div class=\"wp-block-media-text alignwide is-stacked-on-mobile\" style=\"grid-template-columns:25% auto\"><figure class=\"wp-block-media-text__media\"><img loading=\"lazy\" decoding=\"async\" width=\"382\" height=\"86\" src=\"https:\/\/new.ceskabesedasa.ba\/wp-content\/uploads\/2022\/09\/687998_2513781_Asset_3_1._5x-1.png\" alt=\"\" class=\"wp-image-3056 size-full\" srcset=\"https:\/\/new.ceskabesedasa.ba\/wp-content\/uploads\/2022\/09\/687998_2513781_Asset_3_1._5x-1.png 382w, https:\/\/new.ceskabesedasa.ba\/wp-content\/uploads\/2022\/09\/687998_2513781_Asset_3_1._5x-1-300x68.png 300w\" sizes=\"auto, (max-width: 382px) 100vw, 382px\" \/><\/figure><div class=\"wp-block-media-text__content\">\n<p><strong><a rel=\"noreferrer noopener\" href=\"https:\/\/www.mzv.cz\/sarajevo\" target=\"_blank\">Ambasada \u010ce\u0161ke Republike u BiH &#8211; Sarajevo<\/a><\/strong><\/p>\n\n\n\n<p style=\"font-size:16px\">Zahvaljujemo za dugogodi\u0161nju podr\u0161ku, saradnju i financiranje na\u0161eg udru\u017eenja!<\/p>\n<\/div><\/div>\n\n\n\n<div class=\"wp-block-media-text alignwide is-stacked-on-mobile\" style=\"grid-template-columns:25% auto\"><figure class=\"wp-block-media-text__media\"><img loading=\"lazy\" decoding=\"async\" width=\"1024\" height=\"576\" src=\"https:\/\/new.ceskabesedasa.ba\/wp-content\/uploads\/2022\/09\/vnm-1024x576.jpg\" alt=\"\" class=\"wp-image-3051 size-full\" srcset=\"https:\/\/new.ceskabesedasa.ba\/wp-content\/uploads\/2022\/09\/vnm-1024x576.jpg 1024w, https:\/\/new.ceskabesedasa.ba\/wp-content\/uploads\/2022\/09\/vnm-300x169.jpg 300w, https:\/\/new.ceskabesedasa.ba\/wp-content\/uploads\/2022\/09\/vnm-768x432.jpg 768w, https:\/\/new.ceskabesedasa.ba\/wp-content\/uploads\/2022\/09\/vnm.jpg 1200w\" sizes=\"auto, (max-width: 1024px) 100vw, 1024px\" \/><\/figure><div class=\"wp-block-media-text__content\">\n<p><strong><a rel=\"noreferrer noopener\" href=\"https:\/\/www.mzv.cz\/sarajevo\" target=\"_blank\"><strong><a rel=\"noreferrer noopener\" href=\"http:\/\/www.parlament.ba\" target=\"_blank\">Vije\u0107e nacionalnih manjina BiH<\/a><\/strong><\/a><\/strong><\/p>\n\n\n\n<p style=\"font-size:16px\">Zahvaljujemo za dugogodi\u0161nju podr\u0161ku i saradnju na mnogobrojnim projektima!<\/p>\n<\/div><\/div>\n\n\n\n<div class=\"wp-block-media-text alignwide is-stacked-on-mobile\" style=\"grid-template-columns:25% auto\"><figure class=\"wp-block-media-text__media\"><img loading=\"lazy\" decoding=\"async\" width=\"900\" height=\"474\" src=\"https:\/\/new.ceskabesedasa.ba\/wp-content\/uploads\/2022\/09\/osce.jpg\" alt=\"\" class=\"wp-image-3052 size-full\" srcset=\"https:\/\/new.ceskabesedasa.ba\/wp-content\/uploads\/2022\/09\/osce.jpg 900w, https:\/\/new.ceskabesedasa.ba\/wp-content\/uploads\/2022\/09\/osce-300x158.jpg 300w, https:\/\/new.ceskabesedasa.ba\/wp-content\/uploads\/2022\/09\/osce-768x404.jpg 768w\" sizes=\"auto, (max-width: 900px) 100vw, 900px\" \/><\/figure><div class=\"wp-block-media-text__content\">\n<p><strong><a rel=\"noreferrer noopener\" href=\"https:\/\/www.mzv.cz\/sarajevo\" target=\"_blank\"><\/a><strong><a rel=\"noreferrer noopener\" href=\"http:\/\/www.parlament.ba\" target=\"_blank\"><strong><a rel=\"noreferrer noopener\" href=\"http:\/\/www.oscebih.org\/\" target=\"_blank\">Misija OSCE-a KALEIDOSKOP<\/a><\/strong><\/a><\/strong><\/strong><\/p>\n\n\n\n<p style=\"font-size:16px\">Zahvaljujemo za dugogodi\u0161nju podr\u0161ku i saradnju na mnogobrojnimprojektima!<\/p>\n<\/div><\/div>\n\n\n\n<div class=\"wp-block-media-text alignwide is-stacked-on-mobile\" style=\"grid-template-columns:25% auto\"><figure class=\"wp-block-media-text__media\"><img loading=\"lazy\" decoding=\"async\" width=\"444\" height=\"132\" src=\"https:\/\/new.ceskabesedasa.ba\/wp-content\/uploads\/2022\/09\/logo-crni.png\" alt=\"\" class=\"wp-image-3060 size-full\" srcset=\"https:\/\/new.ceskabesedasa.ba\/wp-content\/uploads\/2022\/09\/logo-crni.png 444w, https:\/\/new.ceskabesedasa.ba\/wp-content\/uploads\/2022\/09\/logo-crni-300x89.png 300w\" sizes=\"auto, (max-width: 444px) 100vw, 444px\" \/><\/figure><div class=\"wp-block-media-text__content\">\n<p><strong><a href=\"https:\/\/www.zemaljskimuzej.ba\/\" target=\"_blank\" rel=\"noreferrer noopener\"><b>Z<\/b>emaljski Muzej u Sarajevu<\/a><\/strong><\/p>\n\n\n\n<p style=\"font-size:16px\">Zahvaljujemo za dugogodi\u0161nju podr\u0161ku i saradnju na mnogobrojnimprojektima!<\/p>\n<\/div><\/div>\n\n\n\n<div class=\"wp-block-media-text alignwide is-stacked-on-mobile\" style=\"grid-template-columns:25% auto\"><figure class=\"wp-block-media-text__media\"><img loading=\"lazy\" decoding=\"async\" width=\"360\" height=\"360\" src=\"https:\/\/new.ceskabesedasa.ba\/wp-content\/uploads\/2022\/09\/muzej-knjizevn..webp\" alt=\"\" class=\"wp-image-3058 size-full\" srcset=\"https:\/\/new.ceskabesedasa.ba\/wp-content\/uploads\/2022\/09\/muzej-knjizevn..webp 360w, https:\/\/new.ceskabesedasa.ba\/wp-content\/uploads\/2022\/09\/muzej-knjizevn.-300x300.webp 300w, https:\/\/new.ceskabesedasa.ba\/wp-content\/uploads\/2022\/09\/muzej-knjizevn.-150x150.webp 150w\" sizes=\"auto, (max-width: 360px) 100vw, 360px\" \/><\/figure><div class=\"wp-block-media-text__content\">\n<p><b><a href=\"https:\/\/mkpubih.com\/\" target=\"_blank\" rel=\"noreferrer noopener\">M<\/a><\/b><strong><a href=\"https:\/\/mkpubih.com\/\" target=\"_blank\" rel=\"noreferrer noopener\"><strong><strong>uzej Knji\u017eevnosti i pozori\u0161ne umjetnosti BiH u Sarajevu<\/strong><\/strong><\/a><\/strong><\/p>\n\n\n\n<p style=\"font-size:16px\">Zahvaljujemo za dugogodi\u0161nju podr\u0161ku i saradnju na mnogobrojnimprojektima!<\/p>\n<\/div><\/div>\n\n\n\n<div class=\"wp-block-media-text alignwide is-stacked-on-mobile\" style=\"grid-template-columns:25% auto\"><figure class=\"wp-block-media-text__media\"><img loading=\"lazy\" decoding=\"async\" width=\"1024\" height=\"512\" src=\"https:\/\/new.ceskabesedasa.ba\/wp-content\/uploads\/2022\/09\/crkva-sv-ante-sarajevo-1024x512.jpg\" alt=\"\" class=\"wp-image-3059 size-full\" srcset=\"https:\/\/new.ceskabesedasa.ba\/wp-content\/uploads\/2022\/09\/crkva-sv-ante-sarajevo-1024x512.jpg 1024w, https:\/\/new.ceskabesedasa.ba\/wp-content\/uploads\/2022\/09\/crkva-sv-ante-sarajevo-300x150.jpg 300w, https:\/\/new.ceskabesedasa.ba\/wp-content\/uploads\/2022\/09\/crkva-sv-ante-sarajevo-768x384.jpg 768w, https:\/\/new.ceskabesedasa.ba\/wp-content\/uploads\/2022\/09\/crkva-sv-ante-sarajevo.jpg 1100w\" sizes=\"auto, (max-width: 1024px) 100vw, 1024px\" \/><\/figure><div class=\"wp-block-media-text__content\">\n<p><b><a href=\"https:\/\/www.svetiantosarajevo.com\/\" target=\"_blank\" rel=\"noreferrer noopener\">Franjeva\u010dki samostan Sveti Anto Sarajevo<\/a><\/b><\/p>\n\n\n\n<p style=\"font-size:16px\">Zahvaljujemo za dugogodi\u0161nju podr\u0161ku i saradnju na mnogobrojnimprojektima!<\/p>\n<\/div><\/div>\n\n\n\n<div class=\"wp-block-media-text alignwide is-stacked-on-mobile\" style=\"grid-template-columns:25% auto\"><figure class=\"wp-block-media-text__media\"><img loading=\"lazy\" decoding=\"async\" width=\"1024\" height=\"834\" src=\"https:\/\/new.ceskabesedasa.ba\/wp-content\/uploads\/2022\/09\/logo_NUBBIH-1-1-1024x834.png\" alt=\"\" class=\"wp-image-3061 size-full\" srcset=\"https:\/\/new.ceskabesedasa.ba\/wp-content\/uploads\/2022\/09\/logo_NUBBIH-1-1-1024x834.png 1024w, https:\/\/new.ceskabesedasa.ba\/wp-content\/uploads\/2022\/09\/logo_NUBBIH-1-1-300x244.png 300w, https:\/\/new.ceskabesedasa.ba\/wp-content\/uploads\/2022\/09\/logo_NUBBIH-1-1-768x626.png 768w, https:\/\/new.ceskabesedasa.ba\/wp-content\/uploads\/2022\/09\/logo_NUBBIH-1-1-1536x1252.png 1536w, https:\/\/new.ceskabesedasa.ba\/wp-content\/uploads\/2022\/09\/logo_NUBBIH-1-1.png 2025w\" sizes=\"auto, (max-width: 1024px) 100vw, 1024px\" \/><\/figure><div class=\"wp-block-media-text__content\">\n<p><b><a rel=\"noreferrer noopener\" href=\"https:\/\/www.svetiantosarajevo.com\/\" target=\"_blank\">Nacionalna Univerzitetska biblioteka Sarajevo<\/a><\/b><\/p>\n\n\n\n<p style=\"font-size:16px\">Zahvaljujemo za dugogodi\u0161nju podr\u0161ku i saradnju na mnogobrojnimprojektima!<\/p>\n<\/div><\/div>\n\n\n\n<p><\/p>\n\n\n\n<hr class=\"wp-block-separator has-alpha-channel-opacity is-style-wide\"\/>\n\n\n\n<p class=\"has-text-align-center\"><strong>Ukoliko ste fizi\u010dka osoba, firma, udru\u017eenje, NVO ili institucija koja \u017eeli pomo\u0107i rad \u010ceske Besede Sarajevo ili u\u010destvovati u na\u0161im projektima, molimo Vas da nas kontaktirate putem e-mail forme ispod.<\/strong><\/p>\n\n\n\n<div class=\"wp-block-jetpack-contact-form\">\n\n\n\n\n\n<\/div>\n\n\n\n<p class=\"has-text-align-center\" style=\"font-size:27px\"><strong>Korisni linkovi<\/strong>:<\/p>\n\n\n\n<p><strong><a rel=\"noreferrer noopener\" href=\"http:\/\/www.czech.cz\" target=\"_blank\">Informacije o \u010ce\u0161koj Republici<\/a><\/strong><\/p>\n\n\n\n<p><strong><a href=\"http:\/\/bhembassy.cz\/pocetna\/\" target=\"_blank\" rel=\"noreferrer noopener\">Veleposlanstvo BiH u Pragu<\/a><\/strong><\/p>\n\n\n\n<p><strong><a href=\"http:\/\/www.czech.cz\/ceskelisty\" target=\"_blank\" rel=\"noreferrer noopener\">\u010cesopis \u010ceske Listy<\/a><\/strong><\/p>\n\n\n\n<p><strong><a href=\"http:\/\/www.radio.cz\" target=\"_blank\" rel=\"noreferrer noopener\">\u010ce\u0161ki radio<\/a><\/strong><\/p>\n\n\n\n<p><strong><a href=\"http:\/\/www.krajane.net\" target=\"_blank\" rel=\"noreferrer noopener\">Sunarodnjaci<\/a><\/strong><\/p>\n\n\n\n<p><strong><a rel=\"noreferrer noopener\" href=\"http:\/\/www.ceskatelevize.cz\/ivysilani\" target=\"_blank\">\u010ceska Televize<\/a><\/strong><\/p>\n\n\n\n<p><\/p>\n","protected":false},"excerpt":{"rendered":"<p>Zahvaljujemo se na\u0161im partnerima na podr\u0161ci tijekom svih godina od osnivanja \u010ceske Besede Sarajevo, bez Vas bi na\u0161 opstanak bio upitan. Ministerstvo zahrani\u010dn\u00edch v\u011bc\u00ed \u010cesk\u00e9 republiky Zahvaljujemo za dugogodi\u0161nju podr\u0161ku, saradnju i financiranje na\u0161eg udru\u017eenja! Ambasada \u010ce\u0161ke Republike u BiH &#8211; Sarajevo Zahvaljujemo za dugogodi\u0161nju podr\u0161ku, saradnju i financiranje na\u0161eg udru\u017eenja! Vije\u0107e nacionalnih manjina BiH [&hellip;]<\/p>\n","protected":false},"author":1,"featured_media":0,"parent":0,"menu_order":0,"comment_status":"closed","ping_status":"closed","template":"","meta":{"footnotes":""},"class_list":["post-3038","page","type-page","status-publish","hentry"],"_links":{"self":[{"href":"https:\/\/ceskabesedasa.ba\/index.php\/wp-json\/wp\/v2\/pages\/3038","targetHints":{"allow":["GET"]}}],"collection":[{"href":"https:\/\/ceskabesedasa.ba\/index.php\/wp-json\/wp\/v2\/pages"}],"about":[{"href":"https:\/\/ceskabesedasa.ba\/index.php\/wp-json\/wp\/v2\/types\/page"}],"author":[{"embeddable":true,"href":"https:\/\/ceskabesedasa.ba\/index.php\/wp-json\/wp\/v2\/users\/1"}],"replies":[{"embeddable":true,"href":"https:\/\/ceskabesedasa.ba\/index.php\/wp-json\/wp\/v2\/comments?post=3038"}],"version-history":[{"count":5,"href":"https:\/\/ceskabesedasa.ba\/index.php\/wp-json\/wp\/v2\/pages\/3038\/revisions"}],"predecessor-version":[{"id":3063,"href":"https:\/\/ceskabesedasa.ba\/index.php\/wp-json\/wp\/v2\/pages\/3038\/revisions\/3063"}],"wp:attachment":[{"href":"https:\/\/ceskabesedasa.ba\/index.php\/wp-json\/wp\/v2\/media?parent=3038"}],"curies":[{"name":"wp","href":"https:\/\/api.w.org\/{rel}","templated":true}]}}