{"id":122,"date":"2022-09-10T12:40:55","date_gmt":"2022-09-10T12:40:55","guid":{"rendered":"https:\/\/new.ceskabesedasa.ba\/?page_id=122"},"modified":"2022-10-07T11:09:19","modified_gmt":"2022-10-07T11:09:19","slug":"o-odruzenju","status":"publish","type":"page","link":"https:\/\/ceskabesedasa.ba\/index.php\/o-odruzenju\/","title":{"rendered":"O ODRU\u017dENJU"},"content":{"rendered":"\n<h2 class=\"alignwide has-text-align-center wp-block-heading\"><strong>O ODRU\u017dENJU<\/strong><\/h2>\n\n\n\n<p class=\"has-text-align-center has-black-color has-text-color has-background has-medium-font-size\" style=\"background-color:#fcb90070\"><strong>Udru\u017eenje gra\u0111ana \u010de\u0161kog porijekla \u201e\u010ceska beseda\u201cSarajevo<\/strong><br><strong>Spolek ob\u010dan\u016f \u010desk\u00e9ho p\u016fvodu &nbsp;\u201e\u010ceska beseda\u201c Sarajevo<\/strong><\/p>\n\n\n\n<p><strong>Udru\u017eenje je sljedbenik dru\u0161tva \u201e\u010ceska beseda\u201c koje je bilo osnovano 05.11.1905. godine u Sarajevu.<\/strong><\/p>\n\n\n\n<p>Obnoviteljska Skup\u0161tina odr\u017eana je 28.09.1996 godine i na njoj su definisani&nbsp; svrha i programski ciljevi udru\u017eenja gra\u0111ana \u010de\u0161kog porijekla \u201e\u010ceska beseda\u201c Sarajevo.<\/p>\n\n\n\n<p>Svrha postojanja Udru\u017eenja je&nbsp; izra\u017eavanje nacionalnih, kulturnih, tradicijskih , vjerskih,umjetni\u010dkih, humanitarnih i drugih potreba njenih \u010dlanova.<\/p>\n\n\n\n<p><strong>Ciljevi Udru\u017eenja su:<\/strong><\/p>\n\n\n\n<ul class=\"wp-block-list\"><li>Razvijanje i afirmacija duhovnosti i svijesti zasnovanih na tradicijskim, kulturnim i civilizacijskim vrijednostima zemlje predaka,&nbsp; \u010ce\u0161ke Republike<\/li><li>O\u010duvanje i njegovanje \u010de\u0161kog jezika<\/li><li>Prezentacija \u010de\u0161ke kulture u BiH, kao i bosanskohercegova\u010dke kulture u&nbsp; \u010ce\u0161koj Republici<\/li><li>\u0160irenje i produbljivanje svijesti o prisustvu i djelovanju \u010ceha na tlu BiH, kao i njihovom doprinosu u njenom razvoju<\/li><li>Uspostavljanje i razvijanje suradnje sa kulturnim, prosvjetnim, umjetni\u010dkim, sportskim i nau\u010dnim ustanovama u BiH, \u010ce\u0161koj Republici i svijetu<\/li><li>Podr\u0161ka i pomo\u0107 \u010dlanovima Udru\u017eenja u \u0161kolovanju, stru\u010dnom, umjetni\u010dkom i sportskom usavr\u0161avanju, kako u BiH , tako i u \u010ce\u0161koj Republici<\/li><\/ul>\n\n\n\n<p class=\"has-black-color has-text-color has-background\" style=\"background-color:#fcb90069\"><strong>U 26 godina rada i postojanja kroz mnoge izlo\u017ebe, publikacije, predavanja, prezentacije, putovanja i dru\u017eenja dali smo zna\u010dajan doprinos svijesti o prisustvu i&nbsp; djelovanja \u010ceha u Sarajevu i Bosni i Hercegovini, a me\u0111u kojima&nbsp; posebno treba istaknuti Ludvika Kubu, Karela Pa\u0159\u00edka, Jaroslava \u010cernija, Jana Berana&#8230;.<\/strong><br><strong>Uz pomo\u0107 Ministarstva vanjskih poslova Republike \u010ce\u0161ke mnogi na\u0161i \u010dlanovi su imali priliku putovati u \u010ce\u0161ku , u\u010diti jezik, upoznati se sa historijskim naslje\u0111em i kulturom Republike \u010ce\u0161ke i na\u0161ih predaka.<\/strong><\/p>\n\n\n\n<p class=\"has-black-color has-text-color has-background\" style=\"background-color:#8dd2fc7a\"><strong><em>\u010clanovi udru\u017eenja \u201e\u010ceska beseda\u201c Sarajevo mogu biti svi gra\u0111ani koji imaju \u010de\u0161ko porijeklo, kao i njihovi bra\u010dni partneri i djeca.<\/em><\/strong><br><strong><em>Gra\u0111ani koji \u017eele u\u010destvovati u radu udru\u017eenja ,a zanima ih \u010de\u0161ka kultura, jezik, umjetnost, povijest, kulinarstvo, svoj doprinos mogu dati kao pridru\u017eeni \u010dlanovi \u201e\u010ceske besede\u201c.<\/em><\/strong><\/p>\n\n\n\n<p class=\"has-text-align-center has-vivid-red-color has-text-color has-background\" style=\"background-color:#fcb90069;font-size:22px\"><strong>Istrajno i strpljivo nastavljamo na\u0161 rad u skladu sa svrhom i ciljevima Udru\u017eenja.<\/strong><\/p>\n\n\n\n<p><\/p>\n\n\n\n<div class=\"wp-block-buttons is-content-justification-center is-layout-flex wp-container-core-buttons-is-layout-16018d1d wp-block-buttons-is-layout-flex\">\n<div class=\"wp-block-button has-custom-width wp-block-button__width-100 is-style-fill\"><a class=\"wp-block-button__link has-dark-gray-background-color has-text-color has-background\" href=\"http:\/\/ceskabesedasa.ba\/pdffiles\/STATUTUDRUZENJACESKABESEDASARAJEVO.pdf\" style=\"border-radius:0px;color:#fcb90069\" target=\"_blank\" rel=\"noreferrer noopener\"><strong>STATUT UDRU\u017dENJA MO\u017dETE PRO\u010cITATI OVJDE!<\/strong><\/a><\/div>\n\n\n\n<div class=\"wp-block-button has-custom-width wp-block-button__width-100 is-style-fill\"><a class=\"wp-block-button__link has-white-color has-dark-gray-background-color has-text-color has-background\" href=\"https:\/\/new.ceskabesedasa.ba\/wp-content\/uploads\/2022\/10\/odluka.pdf\" style=\"border-radius:0px\" target=\"_blank\" rel=\"noreferrer noopener\"><strong>ODLUKU O IZMJENAMA I DOPUNAMA STATUTA POGLEDAJTE OVDJE!<\/strong><\/a><\/div>\n<\/div>\n\n\n\n<hr class=\"wp-block-separator has-alpha-channel-opacity is-style-wide\"\/>\n\n\n\n<figure class=\"wp-block-image size-large\"><img loading=\"lazy\" decoding=\"async\" width=\"1024\" height=\"683\" src=\"https:\/\/new.ceskabesedasa.ba\/wp-content\/uploads\/2022\/09\/CB-25-godina-1024x683.jpg\" alt=\"\" class=\"wp-image-3046\" srcset=\"https:\/\/new.ceskabesedasa.ba\/wp-content\/uploads\/2022\/09\/CB-25-godina-1024x683.jpg 1024w, https:\/\/new.ceskabesedasa.ba\/wp-content\/uploads\/2022\/09\/CB-25-godina-300x200.jpg 300w, https:\/\/new.ceskabesedasa.ba\/wp-content\/uploads\/2022\/09\/CB-25-godina-768x512.jpg 768w, https:\/\/new.ceskabesedasa.ba\/wp-content\/uploads\/2022\/09\/CB-25-godina-1536x1024.jpg 1536w, https:\/\/new.ceskabesedasa.ba\/wp-content\/uploads\/2022\/09\/CB-25-godina.jpg 2048w\" sizes=\"auto, (max-width: 1024px) 100vw, 1024px\" \/><\/figure>\n","protected":false},"excerpt":{"rendered":"<p>O ODRU\u017dENJU Udru\u017eenje gra\u0111ana \u010de\u0161kog porijekla \u201e\u010ceska beseda\u201cSarajevoSpolek ob\u010dan\u016f \u010desk\u00e9ho p\u016fvodu &nbsp;\u201e\u010ceska beseda\u201c Sarajevo Udru\u017eenje je sljedbenik dru\u0161tva \u201e\u010ceska beseda\u201c koje je bilo osnovano 05.11.1905. godine u Sarajevu. Obnoviteljska Skup\u0161tina odr\u017eana je 28.09.1996 godine i na njoj su definisani&nbsp; svrha i programski ciljevi udru\u017eenja gra\u0111ana \u010de\u0161kog porijekla \u201e\u010ceska beseda\u201c Sarajevo. Svrha postojanja Udru\u017eenja je&nbsp; izra\u017eavanje [&hellip;]<\/p>\n","protected":false},"author":1,"featured_media":3044,"parent":0,"menu_order":0,"comment_status":"closed","ping_status":"closed","template":"","meta":{"footnotes":""},"class_list":["post-122","page","type-page","status-publish","has-post-thumbnail","hentry"],"_links":{"self":[{"href":"https:\/\/ceskabesedasa.ba\/index.php\/wp-json\/wp\/v2\/pages\/122","targetHints":{"allow":["GET"]}}],"collection":[{"href":"https:\/\/ceskabesedasa.ba\/index.php\/wp-json\/wp\/v2\/pages"}],"about":[{"href":"https:\/\/ceskabesedasa.ba\/index.php\/wp-json\/wp\/v2\/types\/page"}],"author":[{"embeddable":true,"href":"https:\/\/ceskabesedasa.ba\/index.php\/wp-json\/wp\/v2\/users\/1"}],"replies":[{"embeddable":true,"href":"https:\/\/ceskabesedasa.ba\/index.php\/wp-json\/wp\/v2\/comments?post=122"}],"version-history":[{"count":3,"href":"https:\/\/ceskabesedasa.ba\/index.php\/wp-json\/wp\/v2\/pages\/122\/revisions"}],"predecessor-version":[{"id":3076,"href":"https:\/\/ceskabesedasa.ba\/index.php\/wp-json\/wp\/v2\/pages\/122\/revisions\/3076"}],"wp:featuredmedia":[{"embeddable":true,"href":"https:\/\/ceskabesedasa.ba\/index.php\/wp-json\/wp\/v2\/media\/3044"}],"wp:attachment":[{"href":"https:\/\/ceskabesedasa.ba\/index.php\/wp-json\/wp\/v2\/media?parent=122"}],"curies":[{"name":"wp","href":"https:\/\/api.w.org\/{rel}","templated":true}]}}